{"id":314,"date":"2016-03-13T17:37:23","date_gmt":"2016-03-13T17:37:23","guid":{"rendered":"http:\/\/demo.hashthemes.com\/square\/?page_id=314"},"modified":"2021-04-12T23:00:17","modified_gmt":"2021-04-12T23:00:17","slug":"no-sidebar-condensed","status":"publish","type":"page","link":"https:\/\/idedie.edu.mx\/?page_id=314","title":{"rendered":"EDUCACION CONTINUA"},"content":{"rendered":"<h4 style=\"text-align: justify;\"><span style=\"color: #000080;\"><strong>DIPLOMADOS<\/strong><\/span><\/h4>\n<p><b>Diplomado en Alta Direcci\u00f3n.<\/b><\/p>\n<p>Dirigido a propietarios de empresas, emprendedores, as\u00ed como como a subdirectores y gerentes pr\u00f3ximos a ascender a nivel\u00a0 directivo,\u00a0 el diplomado tiene el\u00a0 objetivo\u00a0 de ayudarles a perfeccionar las\u00a0 habilidades\u00a0 directivas que les permitan incrementar la competitividad de sus organizaciones y la\u00a0 continuidad de las mismas,\u00a0 no es necesario disponer de un titulo profesional.<\/p>\n<p><b>Diplomado en Desarrollo Gerencial<\/b><\/p>\n<p>Enfocado para gerentes a nivel medio o profesionales que est\u00e1n pr\u00f3ximos a ejercer esta profesi\u00f3n.\u00a0 El prop\u00f3sito es profesionalizar a la gerencia actual o en su caso a los gerentes que se est\u00e1n integrando y que contribuyan a que la empresa para la cual laboran sea mas competitiva.<\/p>\n<p><b>Diplomado en Formulaci\u00f3n y Evaluaci\u00f3n de Proyectos de Inversi\u00f3n<\/b><\/p>\n<p>Las empresas en forma continua, est\u00e1n tomando decisiones sobre inversiones de todo tipo, como modificaciones, adquisiciones o ampliaciones.\u00a0 Todo ello debe estar soportado de una forma t\u00e9cnico-econ\u00f3mica para disminuir el riesgo de las inversiones, adem\u00e1s permite ver la interrelaci\u00f3n del entorno con la empresa y las diferentes \u00e1reas como la de mercadotecnia, operaci\u00f3n y finanzas<\/p>\n<h4>\u00a0<\/h4>\n<h4><strong><span style=\"color: #000080;\">SEMINARIOS<\/span><\/strong><\/h4>\n<p><b>Direcci\u00f3n y Liderazgo en el Nuevo Milenio: Los 10 retos del Directivo Eficaz<\/b><\/p>\n<p>Enfocado para conformar o descubrir las competencias directivas, tomando como base las ense\u00f1anzas del m\u00e1ximo exponente en Alta Direcci\u00f3n: Peter F. Drucker<\/p>\n<p>\u00a0<\/p>\n<h4><strong><span style=\"color: #000080;\">CURSOS<\/span><\/strong><\/h4>\n<p><b>Planeaci\u00f3n Estrat\u00e9gica.<\/b><\/p>\n<p>El curso pretende de una\u00a0 manera pr\u00e1ctica y adaptada a las MiPyMES de introducirse y conocer los fundamentos e importancia de la planeaci\u00f3n estrat\u00e9gica y el c\u00f3mo llevarla a cabo en la empresa.<\/p>\n<p><b>Introducci\u00f3n al Balance <\/b><b>Scorecard<\/b><\/p>\n<p>Siendo este el siglo del conocimiento, en donde los intangibles cobran una gran relevancia, esta metodolog\u00eda permite evaluar y dar seguimiento al desempe\u00f1o de la empresa de una manera que nos permite ejercer una acci\u00f3n directiva m\u00e1s efectiva, incluyendo la evaluaci\u00f3n y administraci\u00f3n de los intangibles<\/p>\n<p>\u00a0<\/p>\n\n\n<p><\/p>\n","protected":false},"excerpt":{"rendered":"<p>DIPLOMADOS Diplomado en Alta Direcci\u00f3n. Dirigido a propietarios de empresas, emprendedores, as\u00ed como como a subdirectores y gerentes pr\u00f3ximos a ascender a nivel\u00a0 directivo,\u00a0 el diplomado tiene el\u00a0 objetivo\u00a0 de [&hellip;]<\/p>\n","protected":false},"author":1,"featured_media":639,"parent":0,"menu_order":0,"comment_status":"closed","ping_status":"closed","template":"","meta":{"footnotes":""},"class_list":["post-314","page","type-page","status-publish","has-post-thumbnail","hentry"],"_links":{"self":[{"href":"https:\/\/idedie.edu.mx\/index.php?rest_route=\/wp\/v2\/pages\/314","targetHints":{"allow":["GET"]}}],"collection":[{"href":"https:\/\/idedie.edu.mx\/index.php?rest_route=\/wp\/v2\/pages"}],"about":[{"href":"https:\/\/idedie.edu.mx\/index.php?rest_route=\/wp\/v2\/types\/page"}],"author":[{"embeddable":true,"href":"https:\/\/idedie.edu.mx\/index.php?rest_route=\/wp\/v2\/users\/1"}],"replies":[{"embeddable":true,"href":"https:\/\/idedie.edu.mx\/index.php?rest_route=%2Fwp%2Fv2%2Fcomments&post=314"}],"version-history":[{"count":5,"href":"https:\/\/idedie.edu.mx\/index.php?rest_route=\/wp\/v2\/pages\/314\/revisions"}],"predecessor-version":[{"id":647,"href":"https:\/\/idedie.edu.mx\/index.php?rest_route=\/wp\/v2\/pages\/314\/revisions\/647"}],"wp:featuredmedia":[{"embeddable":true,"href":"https:\/\/idedie.edu.mx\/index.php?rest_route=\/wp\/v2\/media\/639"}],"wp:attachment":[{"href":"https:\/\/idedie.edu.mx\/index.php?rest_route=%2Fwp%2Fv2%2Fmedia&parent=314"}],"curies":[{"name":"wp","href":"https:\/\/api.w.org\/{rel}","templated":true}]}}