{"id":293,"date":"2016-03-05T19:19:07","date_gmt":"2016-03-05T19:19:07","guid":{"rendered":"http:\/\/demo.hashthemes.com\/square\/?page_id=293"},"modified":"2021-04-12T06:03:04","modified_gmt":"2021-04-12T06:03:04","slug":"no-sidebar","status":"publish","type":"page","link":"https:\/\/idedie.edu.mx\/?page_id=293","title":{"rendered":"Maestr\u00eda en Alta Direcci\u00f3n"},"content":{"rendered":"<p>La Maestr\u00eda en Alta Direcci\u00f3n fue dise\u00f1ada pensando en profesionistas y emprendedores que deseen desarrollar y\/o perfeccionar sus habilidades directivas en sus respectivos ramos o adquirir nuevas competencias que ayuden en su vida profesional y personal.<\/p>\n<p>Cuenta con Registro ante la Secretaria de Educaci\u00f3n P\u00fablica con n\u00famero de <span style=\"color: #000080;\">RVOE 20160014<\/span><\/p>\n<p><strong><span style=\"color: #000080;\">OBJETIVO:<\/span><\/strong><\/p>\n<p>Desarrollar directivos en general y espec\u00edficamente para las PyMES, desarrollando las habilidades directivas para profesionalizar la direcci\u00f3n y hacerla m\u00e1s competitiva mediante la incorporaci\u00f3n de habilidades anal\u00edticas y cuantitativas, reflej\u00e1ndose en los sectores privados y p\u00fablicos, en un marco de productividad, calidad, innovaci\u00f3n y con responsabilidad social enfatizando los valores.\u00a0 Lo anterior es importante debido a que forma parte del nuevo modelo econ\u00f3mico digital del siglo XXI, que adem\u00e1s de desarrollo directivo comprenda la informaci\u00f3n, la tecnolog\u00eda y el conocimiento.<\/p>\n<p><img loading=\"lazy\" decoding=\"async\" class=\"aligncenter wp-image-599 size-full\" src=\"https:\/\/idedie.edu.mx\/wp-content\/uploads\/2021\/04\/MATERIAS.png\" alt=\"\" width=\"666\" height=\"518\" srcset=\"https:\/\/idedie.edu.mx\/wp-content\/uploads\/2021\/04\/MATERIAS.png 666w, https:\/\/idedie.edu.mx\/wp-content\/uploads\/2021\/04\/MATERIAS-300x233.png 300w, https:\/\/idedie.edu.mx\/wp-content\/uploads\/2021\/04\/MATERIAS-600x467.png 600w, https:\/\/idedie.edu.mx\/wp-content\/uploads\/2021\/04\/MATERIAS-370x288.png 370w\" sizes=\"auto, (max-width: 666px) 100vw, 666px\" \/><\/p>\n\n\n<p><strong>BENEFICIOS: <\/strong><\/p>\n\n\n\n<ul class=\"wp-block-list\"><li>Estudiar en una de las pocas <strong>instituciones serias del pa\u00eds dedicadas a impartir la Alta Direcci\u00f3n<\/strong>. <\/li><li>Formaci\u00f3n sustentada en valores \u00e9ticos y responsabilidad. <\/li><li>Desarrollar una s\u00f3lida formaci\u00f3n integral, con conocimientos tanto t\u00e9cnicos como human\u00edsticos. <\/li><li>Desarrollar las habilidades y competencias necesarias para desenvolverse en ambientes de trabajo inter y multidisciplinarios, integrar y trabajar en equipo, as\u00ed como aplicar un liderazgo exitoso. <\/li><li>Trabajar con grupos interdisciplinarios. <\/li><li>Aplicaci\u00f3n de las materias vistas en sus empresas o proyectos empresariales ambos con enfoque directivo. <\/li><li>Ingles empresarial el cu\u00e1l al finalizar se les otorga un Certificado de ingl\u00e9s empresarial avalado ante la Secretaria del Trabajo y Previsi\u00f3n Social (STPS). <\/li><li>Materias que desarrollan y fortalecen las habilidades de inteligencia en Negocios y Gesti\u00f3n de operaciones. <\/li><li>Contar\u00e1s con una de las bibliotecas empresariales mas completas en la regi\u00f3n. <\/li><li>Catedr\u00e1ticos especializados en la materia, con trayectorias sobresalientes y experiencias docente en universidades como UDLA CDMX, ITESM CDMX, Anahuac Norte, UNAM, IPN, UAEM Texcoco<\/li><\/ul>\n\n\n\n<figure class=\"wp-block-image size-large\"><img loading=\"lazy\" decoding=\"async\" width=\"229\" height=\"280\" src=\"https:\/\/idedie.edu.mx\/wp-content\/uploads\/2021\/04\/image.png\" alt=\"\" class=\"wp-image-601\"\/><\/figure>\n","protected":false},"excerpt":{"rendered":"<p>La Maestr\u00eda en Alta Direcci\u00f3n fue dise\u00f1ada pensando en profesionistas y emprendedores que deseen desarrollar y\/o perfeccionar sus habilidades directivas en sus respectivos ramos o adquirir nuevas competencias que ayuden [&hellip;]<\/p>\n","protected":false},"author":1,"featured_media":0,"parent":0,"menu_order":0,"comment_status":"closed","ping_status":"closed","template":"","meta":{"footnotes":""},"class_list":["post-293","page","type-page","status-publish","hentry"],"_links":{"self":[{"href":"https:\/\/idedie.edu.mx\/index.php?rest_route=\/wp\/v2\/pages\/293","targetHints":{"allow":["GET"]}}],"collection":[{"href":"https:\/\/idedie.edu.mx\/index.php?rest_route=\/wp\/v2\/pages"}],"about":[{"href":"https:\/\/idedie.edu.mx\/index.php?rest_route=\/wp\/v2\/types\/page"}],"author":[{"embeddable":true,"href":"https:\/\/idedie.edu.mx\/index.php?rest_route=\/wp\/v2\/users\/1"}],"replies":[{"embeddable":true,"href":"https:\/\/idedie.edu.mx\/index.php?rest_route=%2Fwp%2Fv2%2Fcomments&post=293"}],"version-history":[{"count":4,"href":"https:\/\/idedie.edu.mx\/index.php?rest_route=\/wp\/v2\/pages\/293\/revisions"}],"predecessor-version":[{"id":602,"href":"https:\/\/idedie.edu.mx\/index.php?rest_route=\/wp\/v2\/pages\/293\/revisions\/602"}],"wp:attachment":[{"href":"https:\/\/idedie.edu.mx\/index.php?rest_route=%2Fwp%2Fv2%2Fmedia&parent=293"}],"curies":[{"name":"wp","href":"https:\/\/api.w.org\/{rel}","templated":true}]}}